{"id":15876,"date":"2023-03-29T16:28:11","date_gmt":"2023-03-29T20:28:11","guid":{"rendered":"https:\/\/faci.uprrp.edu\/maestria-comunicacion\/?page_id=15876"},"modified":"2023-04-14T11:52:49","modified_gmt":"2023-04-14T15:52:49","slug":"alfredo-rivas-velez","status":"publish","type":"page","link":"https:\/\/faci.uprrp.edu\/maestria-comunicacion\/alfredo-rivas-velez\/","title":{"rendered":"Alfredo Rivas V\u00e9lez"},"content":{"rendered":"\n<div class=\"wp-block-media-text alignwide has-media-on-the-right is-stacked-on-mobile ma-faculty-header\" style=\"grid-template-columns:auto 31%\"><div class=\"wp-block-media-text__content\">\n<p class=\"wp-block-paragraph\"><\/p>\n\n\n\n<h2 class=\"wp-block-heading\">Alfredo Rivas V\u00e9lez, Ph.D.<\/h2>\n\n\n\n<h3 class=\"wp-block-heading\">Catedr\u00e1tico Auxiliar, Teor\u00eda e Investigaci\u00f3n<\/h3>\n\n\n\n<p class=\"wp-block-paragraph\"><strong>alfredo.rivas@upr.edu<\/strong><\/p>\n<\/div><figure class=\"wp-block-media-text__media\"><img fetchpriority=\"high\" decoding=\"async\" width=\"508\" height=\"508\" src=\"https:\/\/faci.uprrp.edu\/maestria-comunicacion\/wp-content\/uploads\/sites\/4\/2023\/03\/profesor-Alfredo-Rivas-programa-maestria.png\" alt=\"\" class=\"wp-image-15565 size-full\" srcset=\"https:\/\/faci.uprrp.edu\/maestria-comunicacion\/wp-content\/uploads\/sites\/4\/2023\/03\/profesor-Alfredo-Rivas-programa-maestria.png 508w, https:\/\/faci.uprrp.edu\/maestria-comunicacion\/wp-content\/uploads\/sites\/4\/2023\/03\/profesor-Alfredo-Rivas-programa-maestria-300x300.png 300w, https:\/\/faci.uprrp.edu\/maestria-comunicacion\/wp-content\/uploads\/sites\/4\/2023\/03\/profesor-Alfredo-Rivas-programa-maestria-150x150.png 150w\" sizes=\"(max-width: 508px) 100vw, 508px\" \/><\/figure><\/div>\n\n\n\n<div class=\"wp-block-columns ma-faculty-page-block is-layout-flex wp-container-core-columns-is-layout-8f761849 wp-block-columns-is-layout-flex\">\n<div class=\"wp-block-column is-layout-flow wp-block-column-is-layout-flow\" style=\"flex-basis:80%\">\n<div style=\"height:40px\" aria-hidden=\"true\" class=\"wp-block-spacer\"><\/div>\n\n\n\n<div style=\"height:1em\" aria-hidden=\"true\" class=\"wp-block-spacer\"><\/div>\n\n\n\n<p class=\"wp-block-paragraph\" style=\"font-size:17px\">Alfredo E. Rivas es profesor de la Universidad de Puerto Rico. Posee un Bachillerato en Comunicaci\u00f3n de Georgia State University y una Maestr\u00eda en Estudios de Cine de Emory University. Luego de terminar su doctorado en psicolog\u00eda en la Universidad de Puerto Rico, sus intereses de investigaci\u00f3n se han concentrado en el poshumanismo, cine, narrativas digitales y ludolog\u00eda digital (videojuegos).&nbsp;<\/p>\n\n\n\n<div style=\"height:1em\" aria-hidden=\"true\" class=\"wp-block-spacer\"><\/div>\n\n\n\n<h2 class=\"wp-block-heading\"><strong>Publicaciones selectas<\/strong><\/h2>\n\n\n\n<ul class=\"wp-block-list\" style=\"font-size:17px\">\n<li><a href=\"https:\/\/files.eric.ed.gov\/fulltext\/EJ1182220.pdf\">The Benefits and Meanings of Educating with Video-Games in a Puerto Rican Public School Classroom<\/a> (2018)<\/li>\n\n\n\n<li><a href=\"https:\/\/dialnet.unirioja.es\/servlet\/libro?codigo=716765\">Bailando con Zelda: reflexiones sobre el videojuego como herramienta de (des)control e (hiper)atenci\u00f3n<\/a> (2017)<\/li>\n<\/ul>\n\n\n\n<div style=\"height:1em\" aria-hidden=\"true\" class=\"wp-block-spacer\"><\/div>\n\n\n\n<h2 class=\"wp-block-heading\">\u00c1reas docentes<\/h2>\n\n\n\n<ul class=\"wp-block-list\" style=\"font-size:17px\">\n<li>Ludolog\u00eda digital<\/li>\n\n\n\n<li>Narrativas digitales<\/li>\n\n\n\n<li>Poshumanismo <\/li>\n\n\n\n<li>Cine <\/li>\n<\/ul>\n\n\n\n<div style=\"height:16px\" aria-hidden=\"true\" class=\"wp-block-spacer\"><\/div>\n\n\n\n<div style=\"height:4em\" aria-hidden=\"true\" class=\"wp-block-spacer\"><\/div>\n<\/div>\n<\/div>\n","protected":false},"excerpt":{"rendered":"<p>Alfredo Rivas V\u00e9lez, Ph.D. Catedr\u00e1tico Auxiliar, Teor\u00eda e Investigaci\u00f3n alfredo.rivas@upr.edu Alfredo E. Rivas es profesor de la Universidad de Puerto Rico. Posee un Bachillerato en Comunicaci\u00f3n de Georgia State University y una Maestr\u00eda en Estudios de Cine de Emory University. &hellip; <\/p>\n","protected":false},"author":7,"featured_media":0,"parent":0,"menu_order":0,"comment_status":"closed","ping_status":"closed","template":"","meta":{"_crdt_document":"","footnotes":""},"class_list":["post-15876","page","type-page","status-publish","hentry"],"_links":{"self":[{"href":"https:\/\/faci.uprrp.edu\/maestria-comunicacion\/wp-json\/wp\/v2\/pages\/15876","targetHints":{"allow":["GET"]}}],"collection":[{"href":"https:\/\/faci.uprrp.edu\/maestria-comunicacion\/wp-json\/wp\/v2\/pages"}],"about":[{"href":"https:\/\/faci.uprrp.edu\/maestria-comunicacion\/wp-json\/wp\/v2\/types\/page"}],"author":[{"embeddable":true,"href":"https:\/\/faci.uprrp.edu\/maestria-comunicacion\/wp-json\/wp\/v2\/users\/7"}],"replies":[{"embeddable":true,"href":"https:\/\/faci.uprrp.edu\/maestria-comunicacion\/wp-json\/wp\/v2\/comments?post=15876"}],"version-history":[{"count":8,"href":"https:\/\/faci.uprrp.edu\/maestria-comunicacion\/wp-json\/wp\/v2\/pages\/15876\/revisions"}],"predecessor-version":[{"id":15998,"href":"https:\/\/faci.uprrp.edu\/maestria-comunicacion\/wp-json\/wp\/v2\/pages\/15876\/revisions\/15998"}],"wp:attachment":[{"href":"https:\/\/faci.uprrp.edu\/maestria-comunicacion\/wp-json\/wp\/v2\/media?parent=15876"}],"curies":[{"name":"wp","href":"https:\/\/api.w.org\/{rel}","templated":true}]}}