{"id":783,"date":"2022-05-19T14:23:42","date_gmt":"2022-05-19T18:23:42","guid":{"rendered":"https:\/\/faci.uprrp.edu\/infoempowerment\/?page_id=783"},"modified":"2022-05-31T13:24:38","modified_gmt":"2022-05-31T17:24:38","slug":"plan-de-trabajo","status":"publish","type":"page","link":"https:\/\/faci.uprrp.edu\/infoempowerment\/plan-de-trabajo\/","title":{"rendered":"Plan de trabajo"},"content":{"rendered":"\t\t<div data-elementor-type=\"wp-page\" data-elementor-id=\"783\" class=\"elementor elementor-783\">\n\t\t\t\t\t\t<section class=\"elementor-section elementor-top-section elementor-element elementor-element-4b993587 elementor-section-boxed elementor-section-height-default elementor-section-height-default\" data-id=\"4b993587\" data-element_type=\"section\" data-e-type=\"section\" data-settings=\"{&quot;background_background&quot;:&quot;classic&quot;}\">\n\t\t\t\t\t\t<div class=\"elementor-container elementor-column-gap-default\">\n\t\t\t\t\t<div class=\"elementor-column elementor-col-100 elementor-top-column elementor-element elementor-element-47acefee\" data-id=\"47acefee\" data-element_type=\"column\" data-e-type=\"column\">\n\t\t\t<div class=\"elementor-widget-wrap elementor-element-populated\">\n\t\t\t\t\t\t<div class=\"elementor-element elementor-element-39eb208 elementor-widget__width-inherit elementor-widget elementor-widget-spacer\" data-id=\"39eb208\" data-element_type=\"widget\" data-e-type=\"widget\" data-widget_type=\"spacer.default\">\n\t\t\t\t<div class=\"elementor-widget-container\">\n\t\t\t\t\t\t\t<div class=\"elementor-spacer\">\n\t\t\t<div class=\"elementor-spacer-inner\"><\/div>\n\t\t<\/div>\n\t\t\t\t\t\t<\/div>\n\t\t\t\t<\/div>\n\t\t\t\t\t<\/div>\n\t\t<\/div>\n\t\t\t\t\t<\/div>\n\t\t<\/section>\n\t\t\t\t<section class=\"elementor-section elementor-top-section elementor-element elementor-element-6b089ef elementor-section-boxed elementor-section-height-default elementor-section-height-default\" data-id=\"6b089ef\" data-element_type=\"section\" data-e-type=\"section\">\n\t\t\t\t\t\t<div class=\"elementor-container elementor-column-gap-default\">\n\t\t\t\t\t<div class=\"elementor-column elementor-col-100 elementor-top-column elementor-element elementor-element-f0dfa25\" data-id=\"f0dfa25\" data-element_type=\"column\" data-e-type=\"column\">\n\t\t\t<div class=\"elementor-widget-wrap elementor-element-populated\">\n\t\t\t\t\t\t<div class=\"elementor-element elementor-element-2bc7eb8 elementor-invisible elementor-widget elementor-widget-heading\" data-id=\"2bc7eb8\" data-element_type=\"widget\" data-e-type=\"widget\" data-settings=\"{&quot;_animation&quot;:&quot;slideInUp&quot;}\" data-widget_type=\"heading.default\">\n\t\t\t\t<div class=\"elementor-widget-container\">\n\t\t\t\t\t<h2 class=\"elementor-heading-title elementor-size-default\">Plan de trabajo <\/h2>\t\t\t\t<\/div>\n\t\t\t\t<\/div>\n\t\t\t\t\t<\/div>\n\t\t<\/div>\n\t\t\t\t\t<\/div>\n\t\t<\/section>\n\t\t\t\t<section class=\"elementor-section elementor-top-section elementor-element elementor-element-1562057 elementor-section-boxed elementor-section-height-default elementor-section-height-default\" data-id=\"1562057\" data-element_type=\"section\" data-e-type=\"section\">\n\t\t\t\t\t\t<div class=\"elementor-container elementor-column-gap-default\">\n\t\t\t\t\t<div class=\"elementor-column elementor-col-100 elementor-top-column elementor-element elementor-element-2aecad68\" data-id=\"2aecad68\" data-element_type=\"column\" data-e-type=\"column\" data-settings=\"{&quot;background_background&quot;:&quot;classic&quot;}\">\n\t\t\t<div class=\"elementor-widget-wrap elementor-element-populated\">\n\t\t\t\t\t\t<div class=\"elementor-element elementor-element-278f92e2 elementor-widget elementor-widget-heading\" data-id=\"278f92e2\" data-element_type=\"widget\" data-e-type=\"widget\" data-widget_type=\"heading.default\">\n\t\t\t\t<div class=\"elementor-widget-container\">\n\t\t\t\t\t<h4 class=\"elementor-heading-title elementor-size-medium\">\u00bfQu\u00e9 hemos hecho hasta el momento?<\/h4>\t\t\t\t<\/div>\n\t\t\t\t<\/div>\n\t\t\t\t<div class=\"elementor-element elementor-element-6899802c elementor-widget-divider--view-line elementor-widget elementor-widget-divider\" data-id=\"6899802c\" data-element_type=\"widget\" data-e-type=\"widget\" data-widget_type=\"divider.default\">\n\t\t\t\t<div class=\"elementor-widget-container\">\n\t\t\t\t\t\t\t<div class=\"elementor-divider\">\n\t\t\t<span class=\"elementor-divider-separator\">\n\t\t\t\t\t\t<\/span>\n\t\t<\/div>\n\t\t\t\t\t\t<\/div>\n\t\t\t\t<\/div>\n\t\t\t\t<div class=\"elementor-element elementor-element-5583b7ed elementor-widget elementor-widget-text-editor\" data-id=\"5583b7ed\" data-element_type=\"widget\" data-e-type=\"widget\" data-widget_type=\"text-editor.default\">\n\t\t\t\t<div class=\"elementor-widget-container\">\n\t\t\t\t\t\t\t\t\t<p><strong>\u00a0 \u00a0 A\u00f1o I<\/strong><\/p><ul><li>Reclutamiento de equipo de trabajo que incluy\u00f3<br \/>&#8211; dos estudiantes de Maestr\u00eda en Planificaci\u00f3n Ambiental<br \/>&#8211; dos estudiantes de Maestr\u00eda en Ciencias de Informaci\u00f3n<br \/>&#8211; asistente administrativo<br \/>&#8211; director del Proyecto<\/li><li>Identificaci\u00f3n de expertos en \u00e1reas de ciencias ambientales, ciencia ciudadana, <i>design thinking<\/i>, <i>storytelling<\/i>, organizaciones y l\u00edderes comunitarios, ingenier\u00eda de costas, bot\u00e1nica, entre otras \u00e1reas de aplicaci\u00f3n al Proyecto.<\/li><li>Adiestramiento en los principios del <em>design thinking<\/em> y el <em>storytelling<\/em><\/li><li>Generaci\u00f3n de revisi\u00f3n de literatura sobre el <i>design thinking<\/i> en las ciencias de informaci\u00f3n.<\/li><li>Conducci\u00f3n de entrevistas virtuales aplicando principios de <i>design thinking<\/i> para identificar necesidades espec\u00edficas de informaci\u00f3n. Las entrevistas fueron a profesionales de diversas \u00e1reas de ciencias ambientales y organizaciones ambientalistas, as\u00ed como a l\u00edderes comunitarios y acad\u00e9micos.<\/li><li>Contactamos bibliotecarios comunitarios, pero estos estaban desactivados debido a la pandemia.<\/li><li>Identificaci\u00f3n y solicitud de compra de equipo tecnol\u00f3gico para producir recursos de informaci\u00f3n.<\/li><\/ul><ul><li style=\"list-style-type: none\">\u00a0<\/li><\/ul>\t\t\t\t\t\t\t\t<\/div>\n\t\t\t\t<\/div>\n\t\t\t\t\t<\/div>\n\t\t<\/div>\n\t\t\t\t\t<\/div>\n\t\t<\/section>\n\t\t\t\t<\/div>\n\t\t","protected":false},"excerpt":{"rendered":"<p>\/*! elementor &#8211; v3.6.5 &#8211; 27-04-2022 *\/ .e-container.e-container&#8211;row .elementor-spacer-inner{width:var(&#8211;spacer-size)}.e-container.e-container&#8211;column .elementor-spacer-inner,.elementor-column .elementor-spacer-inner{height:var(&#8211;spacer-size)} \/*! elementor &#8211; v3.6.5 &#8211; 27-04-2022 *\/ .elementor-heading-title{padding:0;margin:0;line-height:1}.elementor-widget-heading .elementor-heading-title[class*=elementor-size-]&gt;a{color:inherit;font-size:inherit;line-height:inherit}.elementor-widget-heading .elementor-heading-title.elementor-size-small{font-size:15px}.elementor-widget-heading .elementor-heading-title.elementor-size-medium{font-size:19px}.elementor-widget-heading .elementor-heading-title.elementor-size-large{font-size:29px}.elementor-widget-heading .elementor-heading-title.elementor-size-xl{font-size:39px}.elementor-widget-heading .elementor-heading-title.elementor-size-xxl{font-size:59px} Plan de trabajo \u00bfQu\u00e9 hemos &hellip; <\/p>\n","protected":false},"author":5,"featured_media":0,"parent":0,"menu_order":0,"comment_status":"closed","ping_status":"closed","template":"elementor_header_footer","meta":{"_crdt_document":"","footnotes":""},"class_list":["post-783","page","type-page","status-publish","hentry"],"_links":{"self":[{"href":"https:\/\/faci.uprrp.edu\/infoempowerment\/wp-json\/wp\/v2\/pages\/783","targetHints":{"allow":["GET"]}}],"collection":[{"href":"https:\/\/faci.uprrp.edu\/infoempowerment\/wp-json\/wp\/v2\/pages"}],"about":[{"href":"https:\/\/faci.uprrp.edu\/infoempowerment\/wp-json\/wp\/v2\/types\/page"}],"author":[{"embeddable":true,"href":"https:\/\/faci.uprrp.edu\/infoempowerment\/wp-json\/wp\/v2\/users\/5"}],"replies":[{"embeddable":true,"href":"https:\/\/faci.uprrp.edu\/infoempowerment\/wp-json\/wp\/v2\/comments?post=783"}],"version-history":[{"count":14,"href":"https:\/\/faci.uprrp.edu\/infoempowerment\/wp-json\/wp\/v2\/pages\/783\/revisions"}],"predecessor-version":[{"id":1181,"href":"https:\/\/faci.uprrp.edu\/infoempowerment\/wp-json\/wp\/v2\/pages\/783\/revisions\/1181"}],"wp:attachment":[{"href":"https:\/\/faci.uprrp.edu\/infoempowerment\/wp-json\/wp\/v2\/media?parent=783"}],"curies":[{"name":"wp","href":"https:\/\/api.w.org\/{rel}","templated":true}]}}