{"id":43,"date":"2021-02-14T17:07:13","date_gmt":"2021-02-14T17:07:13","guid":{"rendered":"http:\/\/egcti.uprrp.edu\/infoempowerment\/?page_id=43"},"modified":"2023-05-01T14:38:55","modified_gmt":"2023-05-01T18:38:55","slug":"inicio","status":"publish","type":"page","link":"https:\/\/faci.uprrp.edu\/infoempowerment\/","title":{"rendered":"Inicio"},"content":{"rendered":"\t\t<div data-elementor-type=\"wp-page\" data-elementor-id=\"43\" class=\"elementor elementor-43\">\n\t\t\t\t\t\t<section class=\"elementor-section elementor-top-section elementor-element elementor-element-7a3b3286 elementor-section-full_width elementor-section-height-default elementor-section-height-default\" data-id=\"7a3b3286\" data-element_type=\"section\" data-e-type=\"section\" data-settings=\"{&quot;background_background&quot;:&quot;slideshow&quot;,&quot;background_slideshow_gallery&quot;:[{&quot;id&quot;:&quot;1204&quot;,&quot;url&quot;:&quot;https:\\\/\\\/faci.uprrp.edu\\\/infoempowerment\\\/wp-content\\\/uploads\\\/sites\\\/3\\\/2022\\\/08\\\/Rompeolas-Parcelas-Suarez-_-Loiza-2-v2_Moment-1-scaled.jpg&quot;}],&quot;background_slideshow_loop&quot;:&quot;yes&quot;,&quot;background_slideshow_slide_duration&quot;:5000,&quot;background_slideshow_slide_transition&quot;:&quot;fade&quot;,&quot;background_slideshow_transition_duration&quot;:500}\">\n\t\t\t\t\t\t\t<div class=\"elementor-background-overlay\"><\/div>\n\t\t\t\t\t\t\t<div class=\"elementor-container elementor-column-gap-default\">\n\t\t\t\t\t<div class=\"elementor-column elementor-col-100 elementor-top-column elementor-element elementor-element-74d5d996\" data-id=\"74d5d996\" data-element_type=\"column\" data-e-type=\"column\">\n\t\t\t<div class=\"elementor-widget-wrap elementor-element-populated\">\n\t\t\t\t\t\t<section class=\"elementor-section elementor-inner-section elementor-element elementor-element-3111080 elementor-section-full_width elementor-section-height-default elementor-section-height-default\" data-id=\"3111080\" data-element_type=\"section\" data-e-type=\"section\" data-settings=\"{&quot;background_background&quot;:&quot;classic&quot;}\">\n\t\t\t\t\t\t<div class=\"elementor-container elementor-column-gap-default\">\n\t\t\t\t\t<div class=\"elementor-column elementor-col-50 elementor-inner-column elementor-element elementor-element-5741746\" data-id=\"5741746\" data-element_type=\"column\" data-e-type=\"column\">\n\t\t\t<div class=\"elementor-widget-wrap\">\n\t\t\t\t\t\t\t<\/div>\n\t\t<\/div>\n\t\t\t\t<div class=\"elementor-column elementor-col-50 elementor-inner-column elementor-element elementor-element-af2f5bc\" data-id=\"af2f5bc\" data-element_type=\"column\" data-e-type=\"column\">\n\t\t\t<div class=\"elementor-widget-wrap elementor-element-populated\">\n\t\t\t\t\t\t<div class=\"elementor-element elementor-element-1605bbb elementor-widget elementor-widget-heading\" data-id=\"1605bbb\" data-element_type=\"widget\" data-e-type=\"widget\" data-widget_type=\"heading.default\">\n\t\t\t\t<div class=\"elementor-widget-container\">\n\t\t\t\t\t<h1 class=\"elementor-heading-title elementor-size-medium\">Information Empowerment<\/h1>\t\t\t\t<\/div>\n\t\t\t\t<\/div>\n\t\t\t\t\t<\/div>\n\t\t<\/div>\n\t\t\t\t\t<\/div>\n\t\t<\/section>\n\t\t\t\t<section class=\"elementor-section elementor-inner-section elementor-element elementor-element-d1c2383 elementor-section-boxed elementor-section-height-default elementor-section-height-default\" data-id=\"d1c2383\" data-element_type=\"section\" data-e-type=\"section\">\n\t\t\t\t\t\t<div class=\"elementor-container elementor-column-gap-default\">\n\t\t\t\t\t<div class=\"elementor-column elementor-col-50 elementor-inner-column elementor-element elementor-element-c3be0ae\" data-id=\"c3be0ae\" data-element_type=\"column\" data-e-type=\"column\">\n\t\t\t<div class=\"elementor-widget-wrap\">\n\t\t\t\t\t\t\t<\/div>\n\t\t<\/div>\n\t\t\t\t<div class=\"elementor-column elementor-col-50 elementor-inner-column elementor-element elementor-element-af7f477\" data-id=\"af7f477\" data-element_type=\"column\" data-e-type=\"column\">\n\t\t\t<div class=\"elementor-widget-wrap elementor-element-populated\">\n\t\t\t\t\t\t<div class=\"elementor-element elementor-element-dd95afc elementor-widget elementor-widget-heading\" data-id=\"dd95afc\" data-element_type=\"widget\" data-e-type=\"widget\" data-widget_type=\"heading.default\">\n\t\t\t\t<div class=\"elementor-widget-container\">\n\t\t\t\t\t<h1 class=\"elementor-heading-title elementor-size-medium\">recovery and sustainability in Puerto Rico. Librarians for a new age. <br>Proyecto EGCTI-IMLS RE-246426-OLS-20<\/h1>\t\t\t\t<\/div>\n\t\t\t\t<\/div>\n\t\t\t\t\t<\/div>\n\t\t<\/div>\n\t\t\t\t\t<\/div>\n\t\t<\/section>\n\t\t\t\t<section class=\"elementor-section elementor-inner-section elementor-element elementor-element-3e207adb elementor-section-full_width elementor-section-height-default elementor-section-height-default\" data-id=\"3e207adb\" data-element_type=\"section\" data-e-type=\"section\" data-settings=\"{&quot;background_background&quot;:&quot;classic&quot;}\">\n\t\t\t\t\t\t<div class=\"elementor-container elementor-column-gap-wide\">\n\t\t\t\t\t<div class=\"elementor-column elementor-col-33 elementor-inner-column elementor-element elementor-element-6aef5bb3\" data-id=\"6aef5bb3\" data-element_type=\"column\" data-e-type=\"column\">\n\t\t\t<div class=\"elementor-widget-wrap elementor-element-populated\">\n\t\t\t\t\t\t<div class=\"elementor-element elementor-element-31e0ed2a elementor-widget elementor-widget-heading\" data-id=\"31e0ed2a\" data-element_type=\"widget\" data-e-type=\"widget\" data-widget_type=\"heading.default\">\n\t\t\t\t<div class=\"elementor-widget-container\">\n\t\t\t\t\t<h2 class=\"elementor-heading-title elementor-size-small\">Qui\u00e9nes somos <\/h2>\t\t\t\t<\/div>\n\t\t\t\t<\/div>\n\t\t\t\t<div class=\"elementor-element elementor-element-3401a28d elementor-widget elementor-widget-text-editor\" data-id=\"3401a28d\" data-element_type=\"widget\" data-e-type=\"widget\" data-widget_type=\"text-editor.default\">\n\t\t\t\t<div class=\"elementor-widget-container\">\n\t\t\t\t\t\t\t\t\t<p>La Escuela Graduada de Ciencias y Tecnolog\u00edas de Informaci\u00f3n (EGCTI), hoy Programa Graduado de Ciencias y Tecnolog\u00edas de Informaci\u00f3n de la Facultad de Comunicaci\u00f3n e Informaci\u00f3n, present\u00f3 y gan\u00f3 una propuesta para un \u201c<em>planning grant<\/em>\u201d para explorar las necesidades de informaci\u00f3n de residentes de comunidades diversas.<\/p><p><span>Este proyecto fue dise\u00f1ado y propuesto en el contexto del llamado a propuestas del <\/span><em>\u201cInstitute for Museum and Library Services\u201d<\/em><span> bajo la categor\u00eda de <\/span><em>Community Catalyst. <\/em><span>Es la primera vez que una beca de esta naturaleza es otorgada a la EGCTI.<\/span><\/p><p>\u00a0<\/p>\t\t\t\t\t\t\t\t<\/div>\n\t\t\t\t<\/div>\n\t\t\t\t\t<\/div>\n\t\t<\/div>\n\t\t\t\t<div class=\"elementor-column elementor-col-33 elementor-inner-column elementor-element elementor-element-6fd741f\" data-id=\"6fd741f\" data-element_type=\"column\" data-e-type=\"column\">\n\t\t\t<div class=\"elementor-widget-wrap elementor-element-populated\">\n\t\t\t\t\t\t<div class=\"elementor-element elementor-element-daff1bb elementor-widget elementor-widget-heading\" data-id=\"daff1bb\" data-element_type=\"widget\" data-e-type=\"widget\" data-widget_type=\"heading.default\">\n\t\t\t\t<div class=\"elementor-widget-container\">\n\t\t\t\t\t<h4 class=\"elementor-heading-title elementor-size-medium\">El porqu\u00e9 del proyecto<\/h4>\t\t\t\t<\/div>\n\t\t\t\t<\/div>\n\t\t\t\t<div class=\"elementor-element elementor-element-cc805cf elementor-widget elementor-widget-text-editor\" data-id=\"cc805cf\" data-element_type=\"widget\" data-e-type=\"widget\" data-widget_type=\"text-editor.default\">\n\t\t\t\t<div class=\"elementor-widget-container\">\n\t\t\t\t\t\t\t\t\t<p>Lo que propusimos fue conducir una exploraci\u00f3n de necesidades de informaci\u00f3n con residentes de comunidades en varios sectores de Puerto Rico que enfrentan retos ambientales. Esta exploraci\u00f3n utilizar\u00eda estrategias no tradicionales como el pensamiento de dise\u00f1o (design thinking) de igual forma abordar\u00edamos la atenci\u00f3n de las necesidades que identific\u00e1ramos con productos generados con tecnolog\u00edas innovadoras y que no hemos evidenciado en otros proyectos e iniciativas comunitarias en Puerto Rico, una de estas era el \u201cstorytelling\u201d.<\/p><p>\u00a0<\/p>\t\t\t\t\t\t\t\t<\/div>\n\t\t\t\t<\/div>\n\t\t\t\t\t<\/div>\n\t\t<\/div>\n\t\t\t\t<div class=\"elementor-column elementor-col-33 elementor-inner-column elementor-element elementor-element-b4b56e1\" data-id=\"b4b56e1\" data-element_type=\"column\" data-e-type=\"column\">\n\t\t\t<div class=\"elementor-widget-wrap elementor-element-populated\">\n\t\t\t\t\t\t<div class=\"elementor-element elementor-element-44a1866c elementor-widget elementor-widget-heading\" data-id=\"44a1866c\" data-element_type=\"widget\" data-e-type=\"widget\" data-widget_type=\"heading.default\">\n\t\t\t\t<div class=\"elementor-widget-container\">\n\t\t\t\t\t<h4 class=\"elementor-heading-title elementor-size-medium\">C\u00f3mo comienza su implantaci\u00f3n <\/h4>\t\t\t\t<\/div>\n\t\t\t\t<\/div>\n\t\t\t\t<div class=\"elementor-element elementor-element-1c643b25 elementor-widget elementor-widget-text-editor\" data-id=\"1c643b25\" data-element_type=\"widget\" data-e-type=\"widget\" data-widget_type=\"text-editor.default\">\n\t\t\t\t<div class=\"elementor-widget-container\">\n\t\t\t\t\t\t\t\t\t<p>Quer\u00edamos buscar y documentar necesidades y oportunidades de intervenci\u00f3n de bibliotecarios comunitarios, bibliotecarios en formaci\u00f3n, as\u00ed como residentes y l\u00edderes comunitarios en el desarrollo de un portal web que pueda proveer recursos de informaci\u00f3n sobre retos ambientales que afectan la vida y condiciones sociales en las comunidades atendidas.<\/p>\t\t\t\t\t\t\t\t<\/div>\n\t\t\t\t<\/div>\n\t\t\t\t\t<\/div>\n\t\t<\/div>\n\t\t\t\t\t<\/div>\n\t\t<\/section>\n\t\t\t\t\t<\/div>\n\t\t<\/div>\n\t\t\t\t\t<\/div>\n\t\t<\/section>\n\t\t\t\t<section class=\"elementor-section elementor-top-section elementor-element elementor-element-45097e1 elementor-section-boxed elementor-section-height-default elementor-section-height-default\" data-id=\"45097e1\" data-element_type=\"section\" data-e-type=\"section\" data-settings=\"{&quot;background_background&quot;:&quot;classic&quot;}\">\n\t\t\t\t\t\t<div class=\"elementor-container elementor-column-gap-default\">\n\t\t\t\t\t<div class=\"elementor-column elementor-col-100 elementor-top-column elementor-element elementor-element-3facbba\" data-id=\"3facbba\" data-element_type=\"column\" data-e-type=\"column\" data-settings=\"{&quot;background_background&quot;:&quot;classic&quot;}\">\n\t\t\t<div class=\"elementor-widget-wrap\">\n\t\t\t\t\t\t\t<\/div>\n\t\t<\/div>\n\t\t\t\t\t<\/div>\n\t\t<\/section>\n\t\t\t\t<section class=\"elementor-section elementor-top-section elementor-element elementor-element-06f0ea2 elementor-section-boxed elementor-section-height-default elementor-section-height-default\" data-id=\"06f0ea2\" data-element_type=\"section\" data-e-type=\"section\">\n\t\t\t\t\t\t<div class=\"elementor-container elementor-column-gap-default\">\n\t\t\t\t\t<div class=\"elementor-column elementor-col-50 elementor-top-column elementor-element elementor-element-56f4661\" data-id=\"56f4661\" data-element_type=\"column\" data-e-type=\"column\">\n\t\t\t<div class=\"elementor-widget-wrap elementor-element-populated\">\n\t\t\t\t\t\t<div class=\"elementor-element elementor-element-7ca4c82 elementor-widget__width-initial elementor-widget-tablet__width-initial elementor-hidden-tablet elementor-hidden-phone elementor-widget elementor-widget-thim-single-images\" data-id=\"7ca4c82\" data-element_type=\"widget\" data-e-type=\"widget\" data-widget_type=\"thim-single-images.default\">\n\t\t\t\t<div class=\"elementor-widget-container\">\n\t\t\t\t\t<div class=\"single-image template-base\"><img fetchpriority=\"high\" decoding=\"async\" width=\"640\" height=\"640\" src=\"https:\/\/faci.uprrp.edu\/infoempowerment\/wp-content\/uploads\/sites\/3\/2022\/08\/Rompeolas-Parcelas-Suarez-_-Loiza-3_Moment-1-1024x1024.jpg\" class=\"attachment-large size-large\" alt=\"\" srcset=\"https:\/\/faci.uprrp.edu\/infoempowerment\/wp-content\/uploads\/sites\/3\/2022\/08\/Rompeolas-Parcelas-Suarez-_-Loiza-3_Moment-1-1024x1024.jpg 1024w, https:\/\/faci.uprrp.edu\/infoempowerment\/wp-content\/uploads\/sites\/3\/2022\/08\/Rompeolas-Parcelas-Suarez-_-Loiza-3_Moment-1-300x300.jpg 300w, https:\/\/faci.uprrp.edu\/infoempowerment\/wp-content\/uploads\/sites\/3\/2022\/08\/Rompeolas-Parcelas-Suarez-_-Loiza-3_Moment-1-150x150.jpg 150w, https:\/\/faci.uprrp.edu\/infoempowerment\/wp-content\/uploads\/sites\/3\/2022\/08\/Rompeolas-Parcelas-Suarez-_-Loiza-3_Moment-1-768x768.jpg 768w, https:\/\/faci.uprrp.edu\/infoempowerment\/wp-content\/uploads\/sites\/3\/2022\/08\/Rompeolas-Parcelas-Suarez-_-Loiza-3_Moment-1-1536x1536.jpg 1536w, https:\/\/faci.uprrp.edu\/infoempowerment\/wp-content\/uploads\/sites\/3\/2022\/08\/Rompeolas-Parcelas-Suarez-_-Loiza-3_Moment-1-2048x2048.jpg 2048w\" sizes=\"(max-width: 640px) 100vw, 640px\" \/><\/div>\t\t\t\t<\/div>\n\t\t\t\t<\/div>\n\t\t\t\t\t<\/div>\n\t\t<\/div>\n\t\t\t\t<div class=\"elementor-column elementor-col-50 elementor-top-column elementor-element elementor-element-3bc784d\" data-id=\"3bc784d\" data-element_type=\"column\" data-e-type=\"column\">\n\t\t\t<div class=\"elementor-widget-wrap elementor-element-populated\">\n\t\t\t\t\t\t<div class=\"elementor-element elementor-element-f462eb0 elementor-widget elementor-widget-heading\" data-id=\"f462eb0\" data-element_type=\"widget\" data-e-type=\"widget\" data-widget_type=\"heading.default\">\n\t\t\t\t<div class=\"elementor-widget-container\">\n\t\t\t\t\t<h2 class=\"elementor-heading-title elementor-size-default\">Amplia necesidad<\/h2>\t\t\t\t<\/div>\n\t\t\t\t<\/div>\n\t\t\t\t<div class=\"elementor-element elementor-element-3cbb07d elementor-widget elementor-widget-text-editor\" data-id=\"3cbb07d\" data-element_type=\"widget\" data-e-type=\"widget\" data-widget_type=\"text-editor.default\">\n\t\t\t\t<div class=\"elementor-widget-container\">\n\t\t\t\t\t\t\t\t\t<p>Entend\u00edamos al proponer e iniciar el proyecto la amplia necesidad que exist\u00eda y a\u00fan existe en Puerto Rico en atender necesidades de residentes en una diversidad de \u00e1reas geogr\u00e1ficas del pa\u00eds. Seleccionamos comunidades en el sur, norte y oeste de Puerto Rico.\u00a0<\/p>\t\t\t\t\t\t\t\t<\/div>\n\t\t\t\t<\/div>\n\t\t\t\t<div class=\"elementor-element elementor-element-1b824d15 elementor-button-info elementor-widget elementor-widget-button\" data-id=\"1b824d15\" data-element_type=\"widget\" data-e-type=\"widget\" data-widget_type=\"button.default\">\n\t\t\t\t<div class=\"elementor-widget-container\">\n\t\t\t\t\t\t\t\t\t<div class=\"elementor-button-wrapper\">\n\t\t\t\t\t<a class=\"elementor-button elementor-button-link elementor-size-sm\" href=\"https:\/\/faci.uprrp.edu\/infoempowerment\/?elementor_library=amplia-necesidad-2\">\n\t\t\t\t\t\t<span class=\"elementor-button-content-wrapper\">\n\t\t\t\t\t\t<span class=\"elementor-button-icon\">\n\t\t\t\t<i aria-hidden=\"true\" class=\"fas fa-angle-right\"><\/i>\t\t\t<\/span>\n\t\t\t\t\t\t\t\t\t<span class=\"elementor-button-text\">M\u00e1s informaci\u00f3n <\/span>\n\t\t\t\t\t<\/span>\n\t\t\t\t\t<\/a>\n\t\t\t\t<\/div>\n\t\t\t\t\t\t\t\t<\/div>\n\t\t\t\t<\/div>\n\t\t\t\t\t<\/div>\n\t\t<\/div>\n\t\t\t\t\t<\/div>\n\t\t<\/section>\n\t\t\t\t<section class=\"elementor-section elementor-top-section elementor-element elementor-element-6950671 elementor-section-boxed elementor-section-height-default elementor-section-height-default\" data-id=\"6950671\" data-element_type=\"section\" data-e-type=\"section\" data-settings=\"{&quot;background_background&quot;:&quot;classic&quot;}\">\n\t\t\t\t\t\t<div class=\"elementor-container elementor-column-gap-default\">\n\t\t\t\t\t<div class=\"elementor-column elementor-col-100 elementor-top-column elementor-element elementor-element-40f95a8f\" data-id=\"40f95a8f\" data-element_type=\"column\" data-e-type=\"column\" data-settings=\"{&quot;background_background&quot;:&quot;classic&quot;}\">\n\t\t\t<div class=\"elementor-widget-wrap elementor-element-populated\">\n\t\t\t\t\t\t<div class=\"elementor-element elementor-element-3da78ea7 elementor-widget elementor-widget-heading\" data-id=\"3da78ea7\" data-element_type=\"widget\" data-e-type=\"widget\" data-widget_type=\"heading.default\">\n\t\t\t\t<div class=\"elementor-widget-container\">\n\t\t\t\t\t<h4 class=\"elementor-heading-title elementor-size-medium\">Plan de Trabajo <br>\u00bfQu\u00e9 hemos hecho hasta el momento?<\/h4>\t\t\t\t<\/div>\n\t\t\t\t<\/div>\n\t\t\t\t<div class=\"elementor-element elementor-element-2b2ed04f elementor-widget-divider--view-line elementor-widget elementor-widget-divider\" data-id=\"2b2ed04f\" data-element_type=\"widget\" data-e-type=\"widget\" data-widget_type=\"divider.default\">\n\t\t\t\t<div class=\"elementor-widget-container\">\n\t\t\t\t\t\t\t<div class=\"elementor-divider\">\n\t\t\t<span class=\"elementor-divider-separator\">\n\t\t\t\t\t\t<\/span>\n\t\t<\/div>\n\t\t\t\t\t\t<\/div>\n\t\t\t\t<\/div>\n\t\t\t\t<div class=\"elementor-element elementor-element-223d8c4 elementor-widget elementor-widget-text-editor\" data-id=\"223d8c4\" data-element_type=\"widget\" data-e-type=\"widget\" data-widget_type=\"text-editor.default\">\n\t\t\t\t<div class=\"elementor-widget-container\">\n\t\t\t\t\t\t\t\t\t<ul><li>Establecimiento de cuentas y sistema de apoyo Post Award<\/li><li>Identificaci\u00f3n y reclutamiento de estudiantes asistentes<\/li><li>Identificaci\u00f3n y reclutamiento de personal del proyecto<\/li><li>Establecimiento de sistema administrativo de trabajo y compensaciones<\/li><\/ul>\t\t\t\t\t\t\t\t<\/div>\n\t\t\t\t<\/div>\n\t\t\t\t<div class=\"elementor-element elementor-element-6d8227c elementor-widget elementor-widget-button\" data-id=\"6d8227c\" data-element_type=\"widget\" data-e-type=\"widget\" data-widget_type=\"button.default\">\n\t\t\t\t<div class=\"elementor-widget-container\">\n\t\t\t\t\t\t\t\t\t<div class=\"elementor-button-wrapper\">\n\t\t\t\t\t<a class=\"elementor-button elementor-button-link elementor-size-sm\" href=\"https:\/\/faci.uprrp.edu\/infoempowerment\/plan-de-trabajo\/%20\">\n\t\t\t\t\t\t<span class=\"elementor-button-content-wrapper\">\n\t\t\t\t\t\t<span class=\"elementor-button-icon\">\n\t\t\t\t<i aria-hidden=\"true\" class=\"fas fa-angle-right\"><\/i>\t\t\t<\/span>\n\t\t\t\t\t\t\t\t\t<span class=\"elementor-button-text\">M\u00e1s informaci\u00f3n <\/span>\n\t\t\t\t\t<\/span>\n\t\t\t\t\t<\/a>\n\t\t\t\t<\/div>\n\t\t\t\t\t\t\t\t<\/div>\n\t\t\t\t<\/div>\n\t\t\t\t\t<\/div>\n\t\t<\/div>\n\t\t\t\t\t<\/div>\n\t\t<\/section>\n\t\t\t\t<section class=\"elementor-section elementor-top-section elementor-element elementor-element-756d86f0 elementor-section-height-full elementor-section-content-middle elementor-reverse-mobile elementor-reverse-tablet elementor-section-boxed elementor-section-height-default elementor-section-items-middle\" data-id=\"756d86f0\" data-element_type=\"section\" data-e-type=\"section\">\n\t\t\t\t\t\t<div class=\"elementor-container elementor-column-gap-default\">\n\t\t\t\t\t<div class=\"elementor-column elementor-col-50 elementor-top-column elementor-element elementor-element-68a4f7ba\" data-id=\"68a4f7ba\" data-element_type=\"column\" data-e-type=\"column\">\n\t\t\t<div class=\"elementor-widget-wrap elementor-element-populated\">\n\t\t\t\t\t\t<div class=\"elementor-element elementor-element-797707e1 elementor-widget elementor-widget-heading\" data-id=\"797707e1\" data-element_type=\"widget\" data-e-type=\"widget\" data-widget_type=\"heading.default\">\n\t\t\t\t<div class=\"elementor-widget-container\">\n\t\t\t\t\t<h3 class=\"elementor-heading-title elementor-size-large\">Con\u00f3cenos <\/h3>\t\t\t\t<\/div>\n\t\t\t\t<\/div>\n\t\t\t\t<div class=\"elementor-element elementor-element-6e809e2d elementor-widget elementor-widget-button\" data-id=\"6e809e2d\" data-element_type=\"widget\" data-e-type=\"widget\" data-widget_type=\"button.default\">\n\t\t\t\t<div class=\"elementor-widget-container\">\n\t\t\t\t\t\t\t\t\t<div class=\"elementor-button-wrapper\">\n\t\t\t\t\t<a class=\"elementor-button elementor-button-link elementor-size-sm\" href=\"https:\/\/faci.uprrp.edu\/infoempowerment\/equipo\/%20\">\n\t\t\t\t\t\t<span class=\"elementor-button-content-wrapper\">\n\t\t\t\t\t\t<span class=\"elementor-button-icon\">\n\t\t\t\t<i aria-hidden=\"true\" class=\"fas fa-angle-right\"><\/i>\t\t\t<\/span>\n\t\t\t\t\t\t\t\t\t<span class=\"elementor-button-text\">Presione aqu\u00ed<\/span>\n\t\t\t\t\t<\/span>\n\t\t\t\t\t<\/a>\n\t\t\t\t<\/div>\n\t\t\t\t\t\t\t\t<\/div>\n\t\t\t\t<\/div>\n\t\t\t\t\t<\/div>\n\t\t<\/div>\n\t\t\t\t<div class=\"elementor-column elementor-col-50 elementor-top-column elementor-element elementor-element-4199de0f\" data-id=\"4199de0f\" data-element_type=\"column\" data-e-type=\"column\">\n\t\t\t<div class=\"elementor-widget-wrap elementor-element-populated\">\n\t\t\t\t\t\t<div class=\"elementor-element elementor-element-a25c66f elementor-widget elementor-widget-image\" data-id=\"a25c66f\" data-element_type=\"widget\" data-e-type=\"widget\" data-widget_type=\"image.default\">\n\t\t\t\t<div class=\"elementor-widget-container\">\n\t\t\t\t\t\t\t\t\t\t\t\t\t\t\t<img decoding=\"async\" width=\"640\" height=\"640\" src=\"https:\/\/faci.uprrp.edu\/infoempowerment\/wp-content\/uploads\/sites\/3\/2021\/02\/dylan-gillis-KdeqA3aTnBY-unsplash-1-1024x1024.jpg\" class=\"attachment-large size-large wp-image-65\" alt=\"\" srcset=\"https:\/\/faci.uprrp.edu\/infoempowerment\/wp-content\/uploads\/sites\/3\/2021\/02\/dylan-gillis-KdeqA3aTnBY-unsplash-1-1024x1024.jpg 1024w, https:\/\/faci.uprrp.edu\/infoempowerment\/wp-content\/uploads\/sites\/3\/2021\/02\/dylan-gillis-KdeqA3aTnBY-unsplash-1-150x150.jpg 150w\" sizes=\"(max-width: 640px) 100vw, 640px\" \/>\t\t\t\t\t\t\t\t\t\t\t\t\t\t\t<\/div>\n\t\t\t\t<\/div>\n\t\t\t\t\t<\/div>\n\t\t<\/div>\n\t\t\t\t\t<\/div>\n\t\t<\/section>\n\t\t\t\t<\/div>\n\t\t","protected":false},"excerpt":{"rendered":"<p>\/*! elementor &#8211; v3.7.0 &#8211; 08-08-2022 *\/ .elementor-heading-title{padding:0;margin:0;line-height:1}.elementor-widget-heading .elementor-heading-title[class*=elementor-size-]&gt;a{color:inherit;font-size:inherit;line-height:inherit}.elementor-widget-heading .elementor-heading-title.elementor-size-small{font-size:15px}.elementor-widget-heading .elementor-heading-title.elementor-size-medium{font-size:19px}.elementor-widget-heading .elementor-heading-title.elementor-size-large{font-size:29px}.elementor-widget-heading .elementor-heading-title.elementor-size-xl{font-size:39px}.elementor-widget-heading .elementor-heading-title.elementor-size-xxl{font-size:59px} Information Empowerment recovery and sustainability in Puerto Rico. Librarians for a new age. Proyecto EGCTI-IMLS RE-246426-OLS-20 &hellip; <\/p>\n","protected":false},"author":1,"featured_media":0,"parent":0,"menu_order":0,"comment_status":"closed","ping_status":"closed","template":"page-templates\/homepage.php","meta":{"_crdt_document":"","footnotes":""},"class_list":["post-43","page","type-page","status-publish","hentry"],"_links":{"self":[{"href":"https:\/\/faci.uprrp.edu\/infoempowerment\/wp-json\/wp\/v2\/pages\/43","targetHints":{"allow":["GET"]}}],"collection":[{"href":"https:\/\/faci.uprrp.edu\/infoempowerment\/wp-json\/wp\/v2\/pages"}],"about":[{"href":"https:\/\/faci.uprrp.edu\/infoempowerment\/wp-json\/wp\/v2\/types\/page"}],"author":[{"embeddable":true,"href":"https:\/\/faci.uprrp.edu\/infoempowerment\/wp-json\/wp\/v2\/users\/1"}],"replies":[{"embeddable":true,"href":"https:\/\/faci.uprrp.edu\/infoempowerment\/wp-json\/wp\/v2\/comments?post=43"}],"version-history":[{"count":40,"href":"https:\/\/faci.uprrp.edu\/infoempowerment\/wp-json\/wp\/v2\/pages\/43\/revisions"}],"predecessor-version":[{"id":1240,"href":"https:\/\/faci.uprrp.edu\/infoempowerment\/wp-json\/wp\/v2\/pages\/43\/revisions\/1240"}],"wp:attachment":[{"href":"https:\/\/faci.uprrp.edu\/infoempowerment\/wp-json\/wp\/v2\/media?parent=43"}],"curies":[{"name":"wp","href":"https:\/\/api.w.org\/{rel}","templated":true}]}}