{"id":15493,"date":"2024-03-18T10:53:44","date_gmt":"2024-03-18T14:53:44","guid":{"rendered":"https:\/\/faci.uprrp.edu\/ciicom\/?page_id=15493"},"modified":"2024-03-18T10:54:51","modified_gmt":"2024-03-18T14:54:51","slug":"que-es-el-ciicom","status":"publish","type":"page","link":"https:\/\/faci.uprrp.edu\/ciicom\/que-es-el-ciicom\/","title":{"rendered":"\u00bfQu\u00e9 es el CIICOM?"},"content":{"rendered":"\n<p class=\"wp-block-paragraph\">La investigaci\u00f3n en el \u00e1mbito de la educaci\u00f3n superior tiene como objetivo la b\u00fasqueda y creaci\u00f3n de nuevos conocimientos para contribuir a la soluci\u00f3n de problemas en la sociedad. En la Universidad de Puerto Rico constituye un fin estrat\u00e9gico, y se promueve una cultura institucional que coloca estas actividades como fundamento del quehacer acad\u00e9mico y del aprendizaje, estimulando la producci\u00f3n intelectual de su comunidad.&nbsp;&nbsp;<\/p>\n\n\n\n<p class=\"wp-block-paragraph\">El Centro de Investigaci\u00f3n en Informaci\u00f3n y Comunicaci\u00f3n (CIICOM) es resultado de la fusi\u00f3n del Centro de Investigaci\u00f3n en Comunicaci\u00f3n (CICOM), perteneciente a la Escuela de Comunicaci\u00f3n (COPU) y el Observatorio de Estudios Relacionados con la Informaci\u00f3n (OERI), de la Escuela Graduada de Ciencias y Tecnolog\u00edas de la Informaci\u00f3n (EGCTI). La uni\u00f3n de ambas escuelas dio origen a la Facultad de Comunicaci\u00f3n e Informaci\u00f3n (FaCI), en el a\u00f1o 2020.\u00a0\u00a0<\/p>\n\n\n\n<p class=\"wp-block-paragraph\">El CIICOM se presenta como un espacio de encuentro para fomentar y articular la investigaci\u00f3n y la labor creativa en la nueva facultad, ofreciendo recursos y servicios que apoyen el trabajo de toda su comunidad.&nbsp;<\/p>\n","protected":false},"excerpt":{"rendered":"<p>La investigaci\u00f3n en el \u00e1mbito de la educaci\u00f3n superior tiene como objetivo la b\u00fasqueda y creaci\u00f3n de nuevos conocimientos para contribuir a la soluci\u00f3n de problemas en la sociedad. En la Universidad de Puerto Rico constituye un fin estrat\u00e9gico, y &hellip; <\/p>\n","protected":false},"author":15,"featured_media":0,"parent":0,"menu_order":0,"comment_status":"closed","ping_status":"closed","template":"","meta":{"_crdt_document":"","footnotes":""},"class_list":["post-15493","page","type-page","status-publish","hentry"],"_links":{"self":[{"href":"https:\/\/faci.uprrp.edu\/ciicom\/wp-json\/wp\/v2\/pages\/15493","targetHints":{"allow":["GET"]}}],"collection":[{"href":"https:\/\/faci.uprrp.edu\/ciicom\/wp-json\/wp\/v2\/pages"}],"about":[{"href":"https:\/\/faci.uprrp.edu\/ciicom\/wp-json\/wp\/v2\/types\/page"}],"author":[{"embeddable":true,"href":"https:\/\/faci.uprrp.edu\/ciicom\/wp-json\/wp\/v2\/users\/15"}],"replies":[{"embeddable":true,"href":"https:\/\/faci.uprrp.edu\/ciicom\/wp-json\/wp\/v2\/comments?post=15493"}],"version-history":[{"count":2,"href":"https:\/\/faci.uprrp.edu\/ciicom\/wp-json\/wp\/v2\/pages\/15493\/revisions"}],"predecessor-version":[{"id":15495,"href":"https:\/\/faci.uprrp.edu\/ciicom\/wp-json\/wp\/v2\/pages\/15493\/revisions\/15495"}],"wp:attachment":[{"href":"https:\/\/faci.uprrp.edu\/ciicom\/wp-json\/wp\/v2\/media?parent=15493"}],"curies":[{"name":"wp","href":"https:\/\/api.w.org\/{rel}","templated":true}]}}