{"id":15329,"date":"2023-05-08T14:10:33","date_gmt":"2023-05-08T18:10:33","guid":{"rendered":"https:\/\/faci.uprrp.edu\/ciicom\/?page_id=15329"},"modified":"2024-03-18T15:55:14","modified_gmt":"2024-03-18T19:55:14","slug":"investigaciones","status":"publish","type":"page","link":"https:\/\/faci.uprrp.edu\/ciicom\/investigaciones\/","title":{"rendered":"Investigaci\u00f3n"},"content":{"rendered":"\n<p class=\"wp-block-paragraph\"><strong>L\u00edneas de investigaci\u00f3n de la facultad y proyectos asociados. Afinidades de investigaci\u00f3n<\/strong><\/p>\n\n\n\n<figure class=\"wp-block-image size-full\"><img fetchpriority=\"high\" decoding=\"async\" width=\"681\" height=\"129\" src=\"https:\/\/faci.uprrp.edu\/ciicom\/wp-content\/uploads\/sites\/5\/2024\/03\/image.png\" alt=\"\" class=\"wp-image-15561\" srcset=\"https:\/\/faci.uprrp.edu\/ciicom\/wp-content\/uploads\/sites\/5\/2024\/03\/image.png 681w, https:\/\/faci.uprrp.edu\/ciicom\/wp-content\/uploads\/sites\/5\/2024\/03\/image-300x57.png 300w\" sizes=\"(max-width: 681px) 100vw, 681px\" \/><\/figure>\n\n\n\n<figure class=\"wp-block-image size-full\"><img decoding=\"async\" width=\"632\" height=\"145\" src=\"https:\/\/faci.uprrp.edu\/ciicom\/wp-content\/uploads\/sites\/5\/2024\/03\/image-1.png\" alt=\"\" class=\"wp-image-15562\" srcset=\"https:\/\/faci.uprrp.edu\/ciicom\/wp-content\/uploads\/sites\/5\/2024\/03\/image-1.png 632w, https:\/\/faci.uprrp.edu\/ciicom\/wp-content\/uploads\/sites\/5\/2024\/03\/image-1-300x69.png 300w\" sizes=\"(max-width: 632px) 100vw, 632px\" \/><\/figure>\n\n\n\n<figure class=\"wp-block-image size-full\"><img decoding=\"async\" width=\"678\" height=\"162\" src=\"https:\/\/faci.uprrp.edu\/ciicom\/wp-content\/uploads\/sites\/5\/2024\/03\/image-2.png\" alt=\"\" class=\"wp-image-15563\" srcset=\"https:\/\/faci.uprrp.edu\/ciicom\/wp-content\/uploads\/sites\/5\/2024\/03\/image-2.png 678w, https:\/\/faci.uprrp.edu\/ciicom\/wp-content\/uploads\/sites\/5\/2024\/03\/image-2-300x72.png 300w\" sizes=\"(max-width: 678px) 100vw, 678px\" \/><\/figure>\n\n\n\n<figure class=\"wp-block-image size-full\"><img loading=\"lazy\" decoding=\"async\" width=\"755\" height=\"653\" src=\"https:\/\/faci.uprrp.edu\/ciicom\/wp-content\/uploads\/sites\/5\/2024\/03\/image-3.png\" alt=\"\" class=\"wp-image-15564\" srcset=\"https:\/\/faci.uprrp.edu\/ciicom\/wp-content\/uploads\/sites\/5\/2024\/03\/image-3.png 755w, https:\/\/faci.uprrp.edu\/ciicom\/wp-content\/uploads\/sites\/5\/2024\/03\/image-3-300x259.png 300w\" sizes=\"(max-width: 755px) 100vw, 755px\" \/><\/figure>\n\n\n\n<p class=\"wp-block-paragraph\"><\/p>\n\n\n\n<figure class=\"wp-block-image size-full\"><img loading=\"lazy\" decoding=\"async\" width=\"689\" height=\"148\" src=\"https:\/\/faci.uprrp.edu\/ciicom\/wp-content\/uploads\/sites\/5\/2024\/03\/image-4.png\" alt=\"\" class=\"wp-image-15565\" srcset=\"https:\/\/faci.uprrp.edu\/ciicom\/wp-content\/uploads\/sites\/5\/2024\/03\/image-4.png 689w, https:\/\/faci.uprrp.edu\/ciicom\/wp-content\/uploads\/sites\/5\/2024\/03\/image-4-300x64.png 300w\" sizes=\"(max-width: 689px) 100vw, 689px\" \/><\/figure>\n\n\n\n<figure class=\"wp-block-image size-full\"><img loading=\"lazy\" decoding=\"async\" width=\"750\" height=\"557\" src=\"https:\/\/faci.uprrp.edu\/ciicom\/wp-content\/uploads\/sites\/5\/2024\/03\/image-5.png\" alt=\"\" class=\"wp-image-15566\" srcset=\"https:\/\/faci.uprrp.edu\/ciicom\/wp-content\/uploads\/sites\/5\/2024\/03\/image-5.png 750w, https:\/\/faci.uprrp.edu\/ciicom\/wp-content\/uploads\/sites\/5\/2024\/03\/image-5-300x223.png 300w\" sizes=\"(max-width: 750px) 100vw, 750px\" \/><\/figure>\n\n\n\n<p class=\"wp-block-paragraph\"><br><\/p>\n","protected":false},"excerpt":{"rendered":"<p>L\u00edneas de investigaci\u00f3n de la facultad y proyectos asociados. Afinidades de investigaci\u00f3n<\/p>\n","protected":false},"author":1,"featured_media":0,"parent":0,"menu_order":0,"comment_status":"closed","ping_status":"closed","template":"","meta":{"_crdt_document":"","footnotes":""},"class_list":["post-15329","page","type-page","status-publish","hentry"],"_links":{"self":[{"href":"https:\/\/faci.uprrp.edu\/ciicom\/wp-json\/wp\/v2\/pages\/15329","targetHints":{"allow":["GET"]}}],"collection":[{"href":"https:\/\/faci.uprrp.edu\/ciicom\/wp-json\/wp\/v2\/pages"}],"about":[{"href":"https:\/\/faci.uprrp.edu\/ciicom\/wp-json\/wp\/v2\/types\/page"}],"author":[{"embeddable":true,"href":"https:\/\/faci.uprrp.edu\/ciicom\/wp-json\/wp\/v2\/users\/1"}],"replies":[{"embeddable":true,"href":"https:\/\/faci.uprrp.edu\/ciicom\/wp-json\/wp\/v2\/comments?post=15329"}],"version-history":[{"count":7,"href":"https:\/\/faci.uprrp.edu\/ciicom\/wp-json\/wp\/v2\/pages\/15329\/revisions"}],"predecessor-version":[{"id":15570,"href":"https:\/\/faci.uprrp.edu\/ciicom\/wp-json\/wp\/v2\/pages\/15329\/revisions\/15570"}],"wp:attachment":[{"href":"https:\/\/faci.uprrp.edu\/ciicom\/wp-json\/wp\/v2\/media?parent=15329"}],"curies":[{"name":"wp","href":"https:\/\/api.w.org\/{rel}","templated":true}]}}